{"id":13591,"date":"2012-08-24T14:19:36","date_gmt":"2012-08-24T14:19:36","guid":{"rendered":"http:\/\/the-newspaper.cmsmasters.net\/?page_id=13591"},"modified":"2023-06-30T17:15:51","modified_gmt":"2023-06-30T22:15:51","slug":"the-opinion-pages","status":"publish","type":"page","link":"https:\/\/wordpress.visafrava.com\/index.php\/the-opinion-pages\/","title":{"rendered":"Ver todas"},"content":{"rendered":"<div id=\"cmsmasters_row_2158c7a141\" class=\"cmsmasters_row cmsmasters_color_scheme_default cmsmasters_row_top_default cmsmasters_row_bot_default cmsmasters_row_boxed\">\n<div class=\"cmsmasters_row_outer_parent\">\n<div class=\"cmsmasters_row_outer\">\n<div class=\"cmsmasters_row_inner\">\n<div class=\"cmsmasters_row_margin\">\n<div id=\"cmsmasters_column_d89711206a\" class=\"cmsmasters_column one_third\">\n<div class=\"cmsmasters_column_inner\">\n<div class=\"cmsmasters_posts_slider post\" >\r\n\t\t<div id=\"cmsmasters_slider_f676d4c901\" class=\"cmsmasters_owl_slider owl-carousel\" data-items=\"1\" data-single-item=\"false\" data-auto-play=\"5000\" data-pagination=\"true\" data-navigation=\"true\"><div class=\"cmsmasters_owl_slider_item\"><!-- Start Posts Slider Post Article -->\r\n<article id=\"post-285\" class=\"cmsmasters_slider_post post-285 post type-post status-publish format-standard has-post-thumbnail hentry category-politics category-health tag-salud\">\r\n\t<div class=\"cmsmasters_slider_post_outer\">\r\n\t<div class=\"cmsmasters_slider_post_inner\"><div class=\"cmsmasters_slider_post_cont_info entry-meta\"><span class=\"cmsmasters_slider_post_category\">In <a href=\"https:\/\/wordpress.visafrava.com\/index.php\/category\/politics\/\" class=\"cmsmasters_cat_color cmsmasters_cat_17\" rel=\"category tag\">Empleados<\/a>, <a href=\"https:\/\/wordpress.visafrava.com\/index.php\/category\/health\/\" class=\"cmsmasters_cat_color cmsmasters_cat_14\" rel=\"category tag\">Salud<\/a><\/span><\/div><header class=\"cmsmasters_slider_post_header entry-header\"><h3 class=\"cmsmasters_slider_post_title entry-title\"><a href=\"https:\/\/wordpress.visafrava.com\/index.php\/2017\/05\/23\/physiological-responses-to-rock-climbing-in-young-climbers\/\">Examenes fisiologicos para nuestros empleados<\/a><\/h3><\/header><div class=\"cmsmasters_slider_post_content entry-content\">\n<p>Desde la perspectiva fisiol\u00f3gica se puede analizar el efecto de la privaci\u00f3n de sue\u00f1o a trav\u00e9s de muchos indicadores en personas como pueden ser por ejemplo<br \/>\nla frecuencia card\u00edaca, presi\u00f3n sangu\u00ednea, temperatura corporal, secreci\u00f3n hormonal y funci\u00f3n del sistema inmune.<\/p>\n<\/div>\n<\/div>\t<\/div>\r\n<\/article>\r\n<!-- Finish Posts Slider Post Article -->\r\n\r\n<\/div><\/div><\/div>\n<\/div><\/div>\n<div id=\"cmsmasters_column_927c223011\" class=\"cmsmasters_column one_third\">\n<div class=\"cmsmasters_column_inner\">\n<div class=\"cmsmasters_posts_slider post\" >\r\n\t\t<div id=\"cmsmasters_slider_25d054e62e\" class=\"cmsmasters_owl_slider owl-carousel\" data-items=\"1\" data-single-item=\"false\" data-auto-play=\"5000\" data-pagination=\"true\" data-navigation=\"true\"><div class=\"cmsmasters_owl_slider_item\"><!-- Start Posts Slider Post Article -->\r\n<article id=\"post-14407\" class=\"cmsmasters_slider_post post-14407 post type-post status-publish format-standard has-post-thumbnail hentry category-main category-tecnologia\">\r\n\t<div class=\"cmsmasters_slider_post_outer\">\r\n\t<div class=\"cmsmasters_slider_post_inner\"><div class=\"cmsmasters_slider_post_cont_info entry-meta\"><span class=\"cmsmasters_slider_post_category\">In <a href=\"https:\/\/wordpress.visafrava.com\/index.php\/category\/main\/\" class=\"cmsmasters_cat_color cmsmasters_cat_16\" rel=\"category tag\">Principal<\/a>, <a href=\"https:\/\/wordpress.visafrava.com\/index.php\/category\/tecnologia\/\" class=\"cmsmasters_cat_color cmsmasters_cat_21\" rel=\"category tag\">Tecnolog\u00eda<\/a><\/span><\/div><header class=\"cmsmasters_slider_post_header entry-header\"><h3 class=\"cmsmasters_slider_post_title entry-title\"><a href=\"https:\/\/wordpress.visafrava.com\/index.php\/2023\/07\/03\/la-era-de-la-inteligencia-artificial-como-la-combinacion-de-datos-y-ai-esta-cambiando-el-juego-empresarial\/\">La era de la inteligencia artificial: C\u00f3mo la combinaci\u00f3n de datos y AI est\u00e1 cambiando el juego empresarial<\/a><\/h3><\/header><div class=\"cmsmasters_slider_post_content entry-content\">\n<p>En el mundo empresarial actual, estamos presenciando una revoluci\u00f3n tecnol\u00f3gica sin precedentes. La inteligencia artificial (AI) ha dejado de ser solo una idea de ciencia ficci\u00f3n para convertirse en una realidad tangible que est\u00e1 transformando la forma en que las empresas operan y compiten.<\/p>\n<\/div>\n<\/div>\t<\/div>\r\n<\/article>\r\n<!-- Finish Posts Slider Post Article -->\r\n\r\n<!-- Start Posts Slider Post Article -->\r\n<article id=\"post-14240\" class=\"cmsmasters_slider_post post-14240 post type-post status-publish format-standard has-post-thumbnail hentry category-main\">\r\n\t<div class=\"cmsmasters_slider_post_outer\">\r\n\t<div class=\"cmsmasters_slider_post_inner\"><div class=\"cmsmasters_slider_post_cont_info entry-meta\"><span class=\"cmsmasters_slider_post_category\">In <a href=\"https:\/\/wordpress.visafrava.com\/index.php\/category\/main\/\" class=\"cmsmasters_cat_color cmsmasters_cat_16\" rel=\"category tag\">Principal<\/a><\/span><\/div><header class=\"cmsmasters_slider_post_header entry-header\"><h3 class=\"cmsmasters_slider_post_title entry-title\"><a href=\"https:\/\/wordpress.visafrava.com\/index.php\/2023\/06\/30\/feliz-cumpleanos\/\">Kakebo, paso a paso el m\u00e9todo japon\u00e9s que te ayudar\u00e1 a ahorrar dinero<\/a><\/h3><\/header><div class=\"cmsmasters_slider_post_content entry-content\">\n<p>Aprende a llevar un mejor control de tus finanzas con este m\u00e9todo.<\/p>\n<\/div>\n<\/div>\t<\/div>\r\n<\/article>\r\n<!-- Finish Posts Slider Post Article -->\r\n\r\n<!-- Start Posts Slider Post Article -->\r\n<article id=\"post-13537\" class=\"cmsmasters_slider_post post-13537 post type-post status-publish format-standard has-post-thumbnail hentry category-economia category-politics\">\r\n\t<div class=\"cmsmasters_slider_post_outer\">\r\n\t<div class=\"cmsmasters_slider_post_inner\"><div class=\"cmsmasters_slider_post_cont_info entry-meta\"><span class=\"cmsmasters_slider_post_category\">In <a href=\"https:\/\/wordpress.visafrava.com\/index.php\/category\/economia\/\" class=\"cmsmasters_cat_color cmsmasters_cat_10\" rel=\"category tag\">Econom\u00eda<\/a>, <a href=\"https:\/\/wordpress.visafrava.com\/index.php\/category\/politics\/\" class=\"cmsmasters_cat_color cmsmasters_cat_17\" rel=\"category tag\">Empleados<\/a><\/span><\/div><header class=\"cmsmasters_slider_post_header entry-header\"><h3 class=\"cmsmasters_slider_post_title entry-title\"><a href=\"https:\/\/wordpress.visafrava.com\/index.php\/2017\/09\/03\/el-historial-crediticio-es-un-resumen-de-la-experiencia-financiera-de-una-persona-y-la-responsabilidad-con-la-que-maneja-su-economia-este-historial-es-analizado-por-entidades-financieras-para-otorgar\/\">\u00bfC\u00f3mo se calcula el puntaje de tu historial de cr\u00e9dito?<\/a><\/h3><\/header><div class=\"cmsmasters_slider_post_content entry-content\">\n<p>Conozca en qu\u00e9 se basa su puntuaci\u00f3n de cr\u00e9dito y las diversas maneras en que puede mejorarla.<\/p>\n<\/div>\n<\/div>\t<\/div>\r\n<\/article>\r\n<!-- Finish Posts Slider Post Article -->\r\n\r\n<!-- Start Posts Slider Post Article -->\r\n<article id=\"post-13534\" class=\"cmsmasters_slider_post post-13534 post type-post status-publish format-standard has-post-thumbnail hentry category-science\">\r\n\t<div class=\"cmsmasters_slider_post_outer\">\r\n\t<div class=\"cmsmasters_slider_post_inner\"><div class=\"cmsmasters_slider_post_cont_info entry-meta\"><span class=\"cmsmasters_slider_post_category\">In <a href=\"https:\/\/wordpress.visafrava.com\/index.php\/category\/science\/\" class=\"cmsmasters_cat_color cmsmasters_cat_18\" rel=\"category tag\">Ciencia<\/a><\/span><\/div><header class=\"cmsmasters_slider_post_header entry-header\"><h3 class=\"cmsmasters_slider_post_title entry-title\"><a href=\"https:\/\/wordpress.visafrava.com\/index.php\/2017\/08\/31\/a-cool-solution-for-hot-summer-nights\/\">Dos autores concluyen que el dinero s\u00ed puede comprar la felicidad<\/a><\/h3><\/header><div class=\"cmsmasters_slider_post_content entry-content\">\n<p>Las personas que ganan m\u00e1s son m\u00e1s felices porque sienten un cierto control sobre sus vidas, dice el estudio.<\/p>\n<\/div>\n<\/div>\t<\/div>\r\n<\/article>\r\n<!-- Finish Posts Slider Post Article -->\r\n\r\n<!-- Start Posts Slider Post Article -->\r\n<article id=\"post-13531\" class=\"cmsmasters_slider_post post-13531 post type-post status-publish format-standard has-post-thumbnail hentry category-economia category-politics\">\r\n\t<div class=\"cmsmasters_slider_post_outer\">\r\n\t<div class=\"cmsmasters_slider_post_inner\"><div class=\"cmsmasters_slider_post_cont_info entry-meta\"><span class=\"cmsmasters_slider_post_category\">In <a href=\"https:\/\/wordpress.visafrava.com\/index.php\/category\/economia\/\" class=\"cmsmasters_cat_color cmsmasters_cat_10\" rel=\"category tag\">Econom\u00eda<\/a>, <a href=\"https:\/\/wordpress.visafrava.com\/index.php\/category\/politics\/\" class=\"cmsmasters_cat_color cmsmasters_cat_17\" rel=\"category tag\">Empleados<\/a><\/span><\/div><header class=\"cmsmasters_slider_post_header entry-header\"><h3 class=\"cmsmasters_slider_post_title entry-title\"><a href=\"https:\/\/wordpress.visafrava.com\/index.php\/2017\/08\/28\/full-irish-breakfast-in-manhattan\/\">\u00bfC\u00f3mo aumentar tu puntaje crediticio y mejorar tu perfil financiero?<\/a><\/h3><\/header><div class=\"cmsmasters_slider_post_content entry-content\">\n<p>En este art\u00edculo de finanzas personales se dan pasos para tener un buen historial que puede servir para pr\u00e9stamos, mejores tasas y hasta oportunidades laborales.<\/p>\n<\/div>\n<\/div>\t<\/div>\r\n<\/article>\r\n<!-- Finish Posts Slider Post Article -->\r\n\r\n<!-- Start Posts Slider Post Article -->\r\n<article id=\"post-13523\" class=\"cmsmasters_slider_post post-13523 post type-post status-publish format-standard has-post-thumbnail hentry category-economia category-politics\">\r\n\t<div class=\"cmsmasters_slider_post_outer\">\r\n\t<div class=\"cmsmasters_slider_post_inner\"><div class=\"cmsmasters_slider_post_cont_info entry-meta\"><span class=\"cmsmasters_slider_post_category\">In <a href=\"https:\/\/wordpress.visafrava.com\/index.php\/category\/economia\/\" class=\"cmsmasters_cat_color cmsmasters_cat_10\" rel=\"category tag\">Econom\u00eda<\/a>, <a href=\"https:\/\/wordpress.visafrava.com\/index.php\/category\/politics\/\" class=\"cmsmasters_cat_color cmsmasters_cat_17\" rel=\"category tag\">Empleados<\/a><\/span><\/div><header class=\"cmsmasters_slider_post_header entry-header\"><h3 class=\"cmsmasters_slider_post_title entry-title\"><a href=\"https:\/\/wordpress.visafrava.com\/index.php\/2017\/08\/13\/a-quick-satisfying-fix-for-weeknight-chicken\/\">Gu\u00eda para calcular deducci\u00f3n de gastos y pagar menos Impuesto a la Renta<\/a><\/h3><\/header><div class=\"cmsmasters_slider_post_content entry-content\">\n<p>El Servicio de Rentas Internas (SRI) habilit\u00f3 una calculadora virtual para que los contribuyentes conozcan cu\u00e1nto podr\u00e1n deducir de impuesto a la Renta, con la reforma tributaria, que entr\u00f3 en vigencia<\/p>\n<\/div>\n<\/div>\t<\/div>\r\n<\/article>\r\n<!-- Finish Posts Slider Post Article -->\r\n\r\n<\/div><\/div><\/div>\n<\/div><\/div>\n<div id=\"cmsmasters_column_cbc9d7ede4\" class=\"cmsmasters_column one_third\">\n<div class=\"cmsmasters_column_inner\">\n<div class=\"cmsmasters_posts_slider post\" >\r\n\t\t<div id=\"cmsmasters_slider_f88b2a0b8d\" class=\"cmsmasters_owl_slider owl-carousel\" data-items=\"1\" data-single-item=\"false\" data-auto-play=\"5000\" data-pagination=\"true\" data-navigation=\"true\"><div class=\"cmsmasters_owl_slider_item\"><!-- Start Posts Slider Post Article -->\r\n<article id=\"post-13537\" class=\"cmsmasters_slider_post post-13537 post type-post status-publish format-standard has-post-thumbnail hentry category-economia category-politics\">\r\n\t<div class=\"cmsmasters_slider_post_outer\">\r\n\t<div class=\"cmsmasters_slider_post_inner\"><div class=\"cmsmasters_slider_post_cont_info entry-meta\"><span class=\"cmsmasters_slider_post_category\">In <a href=\"https:\/\/wordpress.visafrava.com\/index.php\/category\/economia\/\" class=\"cmsmasters_cat_color cmsmasters_cat_10\" rel=\"category tag\">Econom\u00eda<\/a>, <a href=\"https:\/\/wordpress.visafrava.com\/index.php\/category\/politics\/\" class=\"cmsmasters_cat_color cmsmasters_cat_17\" rel=\"category tag\">Empleados<\/a><\/span><\/div><header class=\"cmsmasters_slider_post_header entry-header\"><h3 class=\"cmsmasters_slider_post_title entry-title\"><a href=\"https:\/\/wordpress.visafrava.com\/index.php\/2017\/09\/03\/el-historial-crediticio-es-un-resumen-de-la-experiencia-financiera-de-una-persona-y-la-responsabilidad-con-la-que-maneja-su-economia-este-historial-es-analizado-por-entidades-financieras-para-otorgar\/\">\u00bfC\u00f3mo se calcula el puntaje de tu historial de cr\u00e9dito?<\/a><\/h3><\/header><div class=\"cmsmasters_slider_post_content entry-content\">\n<p>Conozca en qu\u00e9 se basa su puntuaci\u00f3n de cr\u00e9dito y las diversas maneras en que puede mejorarla.<\/p>\n<\/div>\n<\/div>\t<\/div>\r\n<\/article>\r\n<!-- Finish Posts Slider Post Article -->\r\n\r\n<!-- Start Posts Slider Post Article -->\r\n<article id=\"post-13534\" class=\"cmsmasters_slider_post post-13534 post type-post status-publish format-standard has-post-thumbnail hentry category-science\">\r\n\t<div class=\"cmsmasters_slider_post_outer\">\r\n\t<div class=\"cmsmasters_slider_post_inner\"><div class=\"cmsmasters_slider_post_cont_info entry-meta\"><span class=\"cmsmasters_slider_post_category\">In <a href=\"https:\/\/wordpress.visafrava.com\/index.php\/category\/science\/\" class=\"cmsmasters_cat_color cmsmasters_cat_18\" rel=\"category tag\">Ciencia<\/a><\/span><\/div><header class=\"cmsmasters_slider_post_header entry-header\"><h3 class=\"cmsmasters_slider_post_title entry-title\"><a href=\"https:\/\/wordpress.visafrava.com\/index.php\/2017\/08\/31\/a-cool-solution-for-hot-summer-nights\/\">Dos autores concluyen que el dinero s\u00ed puede comprar la felicidad<\/a><\/h3><\/header><div class=\"cmsmasters_slider_post_content entry-content\">\n<p>Las personas que ganan m\u00e1s son m\u00e1s felices porque sienten un cierto control sobre sus vidas, dice el estudio.<\/p>\n<\/div>\n<\/div>\t<\/div>\r\n<\/article>\r\n<!-- Finish Posts Slider Post Article -->\r\n\r\n<!-- Start Posts Slider Post Article -->\r\n<article id=\"post-13531\" class=\"cmsmasters_slider_post post-13531 post type-post status-publish format-standard has-post-thumbnail hentry category-economia category-politics\">\r\n\t<div class=\"cmsmasters_slider_post_outer\">\r\n\t<div class=\"cmsmasters_slider_post_inner\"><div class=\"cmsmasters_slider_post_cont_info entry-meta\"><span class=\"cmsmasters_slider_post_category\">In <a href=\"https:\/\/wordpress.visafrava.com\/index.php\/category\/economia\/\" class=\"cmsmasters_cat_color cmsmasters_cat_10\" rel=\"category tag\">Econom\u00eda<\/a>, <a href=\"https:\/\/wordpress.visafrava.com\/index.php\/category\/politics\/\" class=\"cmsmasters_cat_color cmsmasters_cat_17\" rel=\"category tag\">Empleados<\/a><\/span><\/div><header class=\"cmsmasters_slider_post_header entry-header\"><h3 class=\"cmsmasters_slider_post_title entry-title\"><a href=\"https:\/\/wordpress.visafrava.com\/index.php\/2017\/08\/28\/full-irish-breakfast-in-manhattan\/\">\u00bfC\u00f3mo aumentar tu puntaje crediticio y mejorar tu perfil financiero?<\/a><\/h3><\/header><div class=\"cmsmasters_slider_post_content entry-content\">\n<p>En este art\u00edculo de finanzas personales se dan pasos para tener un buen historial que puede servir para pr\u00e9stamos, mejores tasas y hasta oportunidades laborales.<\/p>\n<\/div>\n<\/div>\t<\/div>\r\n<\/article>\r\n<!-- Finish Posts Slider Post Article -->\r\n\r\n<!-- Start Posts Slider Post Article -->\r\n<article id=\"post-13523\" class=\"cmsmasters_slider_post post-13523 post type-post status-publish format-standard has-post-thumbnail hentry category-economia category-politics\">\r\n\t<div class=\"cmsmasters_slider_post_outer\">\r\n\t<div class=\"cmsmasters_slider_post_inner\"><div class=\"cmsmasters_slider_post_cont_info entry-meta\"><span class=\"cmsmasters_slider_post_category\">In <a href=\"https:\/\/wordpress.visafrava.com\/index.php\/category\/economia\/\" class=\"cmsmasters_cat_color cmsmasters_cat_10\" rel=\"category tag\">Econom\u00eda<\/a>, <a href=\"https:\/\/wordpress.visafrava.com\/index.php\/category\/politics\/\" class=\"cmsmasters_cat_color cmsmasters_cat_17\" rel=\"category tag\">Empleados<\/a><\/span><\/div><header class=\"cmsmasters_slider_post_header entry-header\"><h3 class=\"cmsmasters_slider_post_title entry-title\"><a href=\"https:\/\/wordpress.visafrava.com\/index.php\/2017\/08\/13\/a-quick-satisfying-fix-for-weeknight-chicken\/\">Gu\u00eda para calcular deducci\u00f3n de gastos y pagar menos Impuesto a la Renta<\/a><\/h3><\/header><div class=\"cmsmasters_slider_post_content entry-content\">\n<p>El Servicio de Rentas Internas (SRI) habilit\u00f3 una calculadora virtual para que los contribuyentes conozcan cu\u00e1nto podr\u00e1n deducir de impuesto a la Renta, con la reforma tributaria, que entr\u00f3 en vigencia<\/p>\n<\/div>\n<\/div>\t<\/div>\r\n<\/article>\r\n<!-- Finish Posts Slider Post Article -->\r\n\r\n<!-- Start Posts Slider Post Article -->\r\n<article id=\"post-13518\" class=\"cmsmasters_slider_post post-13518 post type-post status-publish format-standard has-post-thumbnail hentry category-politics\">\r\n\t<div class=\"cmsmasters_slider_post_outer\">\r\n\t<div class=\"cmsmasters_slider_post_inner\"><div class=\"cmsmasters_slider_post_cont_info entry-meta\"><span class=\"cmsmasters_slider_post_category\">In <a href=\"https:\/\/wordpress.visafrava.com\/index.php\/category\/politics\/\" class=\"cmsmasters_cat_color cmsmasters_cat_17\" rel=\"category tag\">Empleados<\/a><\/span><\/div><header class=\"cmsmasters_slider_post_header entry-header\"><h3 class=\"cmsmasters_slider_post_title entry-title\"><a href=\"https:\/\/wordpress.visafrava.com\/index.php\/2017\/08\/09\/fresh-food-on-tv-weekend-edition\/\">\u00bfQu\u00e9 es un pr\u00e9stamo quirografario?<\/a><\/h3><\/header><div class=\"cmsmasters_slider_post_content entry-content\">\n<p>El Pr\u00e9stamo Quirografario\u00a0es destinado para que los afiliados, jubilados y pensionistas, sujetos de cr\u00e9dito<\/p>\n<\/div>\n<\/div>\t<\/div>\r\n<\/article>\r\n<!-- Finish Posts Slider Post Article -->\r\n\r\n<!-- Start Posts Slider Post Article -->\r\n<article id=\"post-13287\" class=\"cmsmasters_slider_post post-13287 post type-post status-publish format-standard has-post-thumbnail hentry category-politics category-main tag-e-c tag-g-y tag-negocio tag-world\">\r\n\t<div class=\"cmsmasters_slider_post_outer\">\r\n\t<div class=\"cmsmasters_slider_post_inner\"><div class=\"cmsmasters_slider_post_cont_info entry-meta\"><span class=\"cmsmasters_slider_post_category\">In <a href=\"https:\/\/wordpress.visafrava.com\/index.php\/category\/politics\/\" class=\"cmsmasters_cat_color cmsmasters_cat_17\" rel=\"category tag\">Empleados<\/a>, <a href=\"https:\/\/wordpress.visafrava.com\/index.php\/category\/main\/\" class=\"cmsmasters_cat_color cmsmasters_cat_16\" rel=\"category tag\">Principal<\/a><\/span><\/div><header class=\"cmsmasters_slider_post_header entry-header\"><h3 class=\"cmsmasters_slider_post_title entry-title\"><a href=\"https:\/\/wordpress.visafrava.com\/index.php\/2017\/07\/15\/sex-education-based-on-abstinence-theres-a-real-absence-of-evidence\/\">NUEVO COMPA\u00d1ERO: Bienvenido Iv\u00e1n<\/a><\/h3><\/header><div class=\"cmsmasters_slider_post_content entry-content\">\n<p>Damos la cordial bienvenida al nuevo compa\u00f1ero Ivan Vera que se va a incorporar en el departamento de finanzas.<\/p>\n<\/div>\n<\/div>\t<\/div>\r\n<\/article>\r\n<!-- Finish Posts Slider Post Article -->\r\n\r\n<\/div><\/div><\/div>\n<\/div><\/div>\n<\/div>\n<\/div>\n<\/div>\n<\/div>\n<\/div>\n<div id=\"cmsmasters_row_c66bff1dfa\" class=\"cmsmasters_row cmsmasters_color_scheme_default cmsmasters_row_top_default cmsmasters_row_bot_default cmsmasters_row_boxed\">\n<div class=\"cmsmasters_row_outer_parent\">\n<div class=\"cmsmasters_row_outer\">\n<div class=\"cmsmasters_row_inner\">\n<div class=\"cmsmasters_row_margin\">\n<div id=\"cmsmasters_column_e001f6d673\" class=\"cmsmasters_column one_first\">\n<div class=\"cmsmasters_column_inner\">\n<div class=\"cmsmasters_mailpoet\"><\/div>\n<\/div><\/div>\n<\/div>\n<\/div>\n<\/div>\n<\/div>\n<\/div>\n\n","protected":false},"excerpt":{"rendered":"","protected":false},"author":1,"featured_media":0,"parent":0,"menu_order":0,"comment_status":"closed","ping_status":"closed","template":"","meta":[],"_links":{"self":[{"href":"https:\/\/wordpress.visafrava.com\/index.php\/wp-json\/wp\/v2\/pages\/13591"}],"collection":[{"href":"https:\/\/wordpress.visafrava.com\/index.php\/wp-json\/wp\/v2\/pages"}],"about":[{"href":"https:\/\/wordpress.visafrava.com\/index.php\/wp-json\/wp\/v2\/types\/page"}],"author":[{"embeddable":true,"href":"https:\/\/wordpress.visafrava.com\/index.php\/wp-json\/wp\/v2\/users\/1"}],"replies":[{"embeddable":true,"href":"https:\/\/wordpress.visafrava.com\/index.php\/wp-json\/wp\/v2\/comments?post=13591"}],"version-history":[{"count":2,"href":"https:\/\/wordpress.visafrava.com\/index.php\/wp-json\/wp\/v2\/pages\/13591\/revisions"}],"predecessor-version":[{"id":14371,"href":"https:\/\/wordpress.visafrava.com\/index.php\/wp-json\/wp\/v2\/pages\/13591\/revisions\/14371"}],"wp:attachment":[{"href":"https:\/\/wordpress.visafrava.com\/index.php\/wp-json\/wp\/v2\/media?parent=13591"}],"curies":[{"name":"wp","href":"https:\/\/api.w.org\/{rel}","templated":true}]}}